{"id":46,"date":"2020-09-03T14:27:50","date_gmt":"2020-09-03T12:27:50","guid":{"rendered":"https:\/\/nt-technik.mvg-solutions.de\/?page_id=46"},"modified":"2024-03-27T15:25:29","modified_gmt":"2024-03-27T14:25:29","slug":"unternehmen","status":"publish","type":"page","link":"https:\/\/niehoff-elektrotechnik.de\/en\/unternehmen\/","title":{"rendered":"Company"},"content":{"rendered":"<div data-elementor-type=\"wp-page\" data-elementor-id=\"46\" class=\"elementor elementor-46\">\n\t\t\t\t\t\t<section class=\"elementor-section elementor-top-section elementor-element elementor-element-17ef001e elementor-section-height-min-height elementor-section-boxed elementor-section-height-default elementor-section-items-middle\" data-id=\"17ef001e\" data-element_type=\"section\" data-e-type=\"section\" data-settings=\"{&quot;background_background&quot;:&quot;classic&quot;}\">\n\t\t\t\t\t\t\t<div class=\"elementor-background-overlay\"><\/div>\n\t\t\t\t\t\t\t<div class=\"elementor-container elementor-column-gap-default\">\n\t\t\t\t\t<div class=\"elementor-column elementor-col-100 elementor-top-column elementor-element elementor-element-7ca6862d\" data-id=\"7ca6862d\" data-element_type=\"column\" data-e-type=\"column\">\n\t\t\t<div class=\"elementor-widget-wrap elementor-element-populated\">\n\t\t\t\t\t\t<div class=\"elementor-element elementor-element-6f50436a elementor-widget elementor-widget-heading\" data-id=\"6f50436a\" data-element_type=\"widget\" data-e-type=\"widget\" data-widget_type=\"heading.default\">\n\t\t\t\t<div class=\"elementor-widget-container\">\n\t\t\t\t\t<h2 class=\"elementor-heading-title elementor-size-large\">Company<\/h2>\t\t\t\t<\/div>\n\t\t\t\t<\/div>\n\t\t\t\t\t<\/div>\n\t\t<\/div>\n\t\t\t\t\t<\/div>\n\t\t<\/section>\n\t\t\t\t<section class=\"elementor-section elementor-top-section elementor-element elementor-element-88577c5 elementor-section-boxed elementor-section-height-default elementor-section-height-default elementor-invisible\" data-id=\"88577c5\" data-element_type=\"section\" data-e-type=\"section\" data-settings=\"{&quot;background_background&quot;:&quot;classic&quot;,&quot;animation&quot;:&quot;zoomIn&quot;}\">\n\t\t\t\t\t\t<div class=\"elementor-container elementor-column-gap-default\">\n\t\t\t\t\t<div class=\"elementor-column elementor-col-100 elementor-top-column elementor-element elementor-element-cce02d9\" data-id=\"cce02d9\" data-element_type=\"column\" data-e-type=\"column\">\n\t\t\t<div class=\"elementor-widget-wrap elementor-element-populated\">\n\t\t\t\t\t\t<section class=\"elementor-section elementor-inner-section elementor-element elementor-element-b8b3a17 elementor-section-boxed elementor-section-height-default elementor-section-height-default\" data-id=\"b8b3a17\" data-element_type=\"section\" data-e-type=\"section\">\n\t\t\t\t\t\t<div class=\"elementor-container elementor-column-gap-default\">\n\t\t\t\t\t<div class=\"elementor-column elementor-col-50 elementor-inner-column elementor-element elementor-element-fa32568\" data-id=\"fa32568\" data-element_type=\"column\" data-e-type=\"column\">\n\t\t\t<div class=\"elementor-widget-wrap elementor-element-populated\">\n\t\t\t\t\t\t<div class=\"elementor-element elementor-element-b076b5f elementor-widget elementor-widget-image\" data-id=\"b076b5f\" data-element_type=\"widget\" data-e-type=\"widget\" data-widget_type=\"image.default\">\n\t\t\t\t<div class=\"elementor-widget-container\">\n\t\t\t\t\t\t\t\t\t\t\t\t\t\t\t<img fetchpriority=\"high\" decoding=\"async\" width=\"400\" height=\"300\" src=\"https:\/\/niehoff-elektrotechnik.de\/wp-content\/uploads\/2020\/09\/niehoff_office.jpg\" class=\"attachment-large size-large wp-image-223\" alt=\"\" srcset=\"https:\/\/niehoff-elektrotechnik.de\/wp-content\/uploads\/2020\/09\/niehoff_office.jpg 400w, https:\/\/niehoff-elektrotechnik.de\/wp-content\/uploads\/2020\/09\/niehoff_office-300x225.jpg 300w\" sizes=\"(max-width: 400px) 100vw, 400px\" \/>\t\t\t\t\t\t\t\t\t\t\t\t\t\t\t<\/div>\n\t\t\t\t<\/div>\n\t\t\t\t\t<\/div>\n\t\t<\/div>\n\t\t\t\t<div class=\"elementor-column elementor-col-50 elementor-inner-column elementor-element elementor-element-4e13cc1\" data-id=\"4e13cc1\" data-element_type=\"column\" data-e-type=\"column\">\n\t\t\t<div class=\"elementor-widget-wrap elementor-element-populated\">\n\t\t\t\t\t\t<div class=\"elementor-element elementor-element-a8404b2 elementor-widget elementor-widget-heading\" data-id=\"a8404b2\" data-element_type=\"widget\" data-e-type=\"widget\" data-widget_type=\"heading.default\">\n\t\t\t\t<div class=\"elementor-widget-container\">\n\t\t\t\t\t<h1 class=\"elementor-heading-title elementor-size-default\">Niehoff Elektrotechnik GmbH<\/h1>\t\t\t\t<\/div>\n\t\t\t\t<\/div>\n\t\t\t\t<div class=\"elementor-element elementor-element-c87ea08 elementor-widget elementor-widget-text-editor\" data-id=\"c87ea08\" data-element_type=\"widget\" data-e-type=\"widget\" data-widget_type=\"text-editor.default\">\n\t\t\t\t<div class=\"elementor-widget-container\">\n\t\t\t\t\t\t\t\t\t<p>Die Niehoff Elektrotechnik GmbH ist ein Vorreiter in der Entwicklung innovativer, technologieorientierter Gesamtl\u00f6sungen und blickt dabei auf eine traditionsreiche Firmengeschichte von \u00fcber 125 Jahren zur\u00fcck. Seit unseren Anf\u00e4ngen war es unser Ziel, ma\u00dfgeschneiderte L\u00f6sungen f\u00fcr individuelle Herausforderungen zu entwickeln und wirtschaftlich umzusetzen.<\/p><p>Unsere Mitarbeiter bringen eine einzigartige Fachkompetenz mit, die es ihnen erm\u00f6glicht, selbst die anspruchsvollsten Anforderungen zu erf\u00fcllen. Durch professionelles Management begleiten und unterst\u00fctzen wir unsere Kunden in jeder Phase ihrer Projekte.\u00a0<\/p>\t\t\t\t\t\t\t\t<\/div>\n\t\t\t\t<\/div>\n\t\t\t\t\t<\/div>\n\t\t<\/div>\n\t\t\t\t\t<\/div>\n\t\t<\/section>\n\t\t\t\t<div class=\"elementor-element elementor-element-ada1759 elementor-widget elementor-widget-text-editor\" data-id=\"ada1759\" data-element_type=\"widget\" data-e-type=\"widget\" data-widget_type=\"text-editor.default\">\n\t\t\t\t<div class=\"elementor-widget-container\">\n\t\t\t\t\t\t\t\t\t<p><span style=\"font-size: 16px; font-style: normal; font-weight: 400;\">Unsere Expertise erstreckt sich von der Planung und Projektierung bis hin zur Umsetzung im Bereich der Automatisierungstechnik. Wir entwickeln ma\u00dfgeschneiderte L\u00f6sungen f\u00fcr komplexe Steuerungs- und Automationsaufgaben und setzen sie kosteneffizient um.\u00a0<\/span><\/p><p><span style=\"font-size: 16px; color: var( --e-global-color-text ); font-family: var( --e-global-typography-text-font-family ), Sans-serif;\">Von der Konzeption bis zur Inbetriebnahme bieten wir umfassende Dienstleistungen, einschlie\u00dflich Hardware- und Softwareengineering sowie Montage. Unser Ziel ist es, zukunftsorientierte Prozessl\u00f6sungen zu schaffen, die die Leistungsf\u00e4higkeit unserer Kunden nachhaltig steigern. Dabei vereinen wir unsere Kernkompetenzen \u2013 Automatisierung, Schaltanlagenbau und Elektroinstallation \u2013 unter einem Dach, um Ihnen eine ganzheitliche L\u00f6sung aus einer Hand zu bieten.<\/span><\/p>\t\t\t\t\t\t\t\t<\/div>\n\t\t\t\t<\/div>\n\t\t\t\t\t<\/div>\n\t\t<\/div>\n\t\t\t\t\t<\/div>\n\t\t<\/section>\n\t\t\t\t<section class=\"elementor-section elementor-top-section elementor-element elementor-element-c2b8873 elementor-section-content-middle elementor-section-boxed elementor-section-height-default elementor-section-height-default elementor-invisible\" data-id=\"c2b8873\" data-element_type=\"section\" data-e-type=\"section\" data-settings=\"{&quot;background_background&quot;:&quot;classic&quot;,&quot;animation&quot;:&quot;zoomIn&quot;}\">\n\t\t\t\t\t\t<div class=\"elementor-container elementor-column-gap-no\">\n\t\t\t\t\t<div class=\"elementor-column elementor-col-100 elementor-top-column elementor-element elementor-element-5068976\" data-id=\"5068976\" data-element_type=\"column\" data-e-type=\"column\">\n\t\t\t<div class=\"elementor-widget-wrap elementor-element-populated\">\n\t\t\t\t\t\t<div class=\"elementor-element elementor-element-91bf4e0 elementor-widget elementor-widget-heading\" data-id=\"91bf4e0\" data-element_type=\"widget\" data-e-type=\"widget\" data-widget_type=\"heading.default\">\n\t\t\t\t<div class=\"elementor-widget-container\">\n\t\t\t\t\t<h1 class=\"elementor-heading-title elementor-size-default\">Our partners<\/h1>\t\t\t\t<\/div>\n\t\t\t\t<\/div>\n\t\t\t\t<section class=\"elementor-section elementor-inner-section elementor-element elementor-element-150f644 elementor-section-boxed elementor-section-height-default elementor-section-height-default\" data-id=\"150f644\" data-element_type=\"section\" data-e-type=\"section\">\n\t\t\t\t\t\t<div class=\"elementor-container elementor-column-gap-default\">\n\t\t\t\t\t<div class=\"elementor-column elementor-col-20 elementor-inner-column elementor-element elementor-element-50cf198\" data-id=\"50cf198\" data-element_type=\"column\" data-e-type=\"column\">\n\t\t\t<div class=\"elementor-widget-wrap elementor-element-populated\">\n\t\t\t\t\t\t<div class=\"elementor-element elementor-element-492f99e elementor-widget elementor-widget-image\" data-id=\"492f99e\" data-element_type=\"widget\" data-e-type=\"widget\" data-widget_type=\"image.default\">\n\t\t\t\t<div class=\"elementor-widget-container\">\n\t\t\t\t\t\t\t\t\t\t\t\t\t\t\t\t<a href=\"https:\/\/nt-technik.de\/\">\n\t\t\t\t\t\t\t<img decoding=\"async\" width=\"200\" height=\"69\" src=\"https:\/\/niehoff-elektrotechnik.de\/wp-content\/uploads\/2024\/01\/Version_1_Rev.B_NT_SMALL_20191127_MVG.png\" class=\"attachment-medium size-medium wp-image-2116\" alt=\"\" srcset=\"https:\/\/niehoff-elektrotechnik.de\/wp-content\/uploads\/2024\/01\/Version_1_Rev.B_NT_SMALL_20191127_MVG.png 200w, https:\/\/niehoff-elektrotechnik.de\/wp-content\/uploads\/2024\/01\/Version_1_Rev.B_NT_SMALL_20191127_MVG-18x6.png 18w\" sizes=\"(max-width: 200px) 100vw, 200px\" \/>\t\t\t\t\t\t\t\t<\/a>\n\t\t\t\t\t\t\t\t\t\t\t\t\t\t\t<\/div>\n\t\t\t\t<\/div>\n\t\t\t\t\t<\/div>\n\t\t<\/div>\n\t\t\t\t<div class=\"elementor-column elementor-col-20 elementor-inner-column elementor-element elementor-element-c055f58\" data-id=\"c055f58\" data-element_type=\"column\" data-e-type=\"column\">\n\t\t\t<div class=\"elementor-widget-wrap elementor-element-populated\">\n\t\t\t\t\t\t<div class=\"elementor-element elementor-element-6d6833e elementor-widget elementor-widget-image\" data-id=\"6d6833e\" data-element_type=\"widget\" data-e-type=\"widget\" data-widget_type=\"image.default\">\n\t\t\t\t<div class=\"elementor-widget-container\">\n\t\t\t\t\t\t\t\t\t\t\t\t\t\t\t\t<a href=\"https:\/\/new.abb.com\/de\">\n\t\t\t\t\t\t\t<img decoding=\"async\" width=\"300\" height=\"119\" src=\"https:\/\/niehoff-elektrotechnik.de\/wp-content\/uploads\/2024\/01\/ABB-300x119.png\" class=\"attachment-medium size-medium wp-image-2107\" alt=\"\" srcset=\"https:\/\/niehoff-elektrotechnik.de\/wp-content\/uploads\/2024\/01\/ABB-300x119.png 300w, https:\/\/niehoff-elektrotechnik.de\/wp-content\/uploads\/2024\/01\/ABB-18x7.png 18w, https:\/\/niehoff-elektrotechnik.de\/wp-content\/uploads\/2024\/01\/ABB.png 356w\" sizes=\"(max-width: 300px) 100vw, 300px\" \/>\t\t\t\t\t\t\t\t<\/a>\n\t\t\t\t\t\t\t\t\t\t\t\t\t\t\t<\/div>\n\t\t\t\t<\/div>\n\t\t\t\t\t<\/div>\n\t\t<\/div>\n\t\t\t\t<div class=\"elementor-column elementor-col-20 elementor-inner-column elementor-element elementor-element-6087999\" data-id=\"6087999\" data-element_type=\"column\" data-e-type=\"column\">\n\t\t\t<div class=\"elementor-widget-wrap elementor-element-populated\">\n\t\t\t\t\t\t<div class=\"elementor-element elementor-element-7e32529 elementor-widget elementor-widget-image\" data-id=\"7e32529\" data-element_type=\"widget\" data-e-type=\"widget\" data-widget_type=\"image.default\">\n\t\t\t\t<div class=\"elementor-widget-container\">\n\t\t\t\t\t\t\t\t\t\t\t\t\t\t\t\t<a href=\"https:\/\/www.striebelundjohn.com\/\">\n\t\t\t\t\t\t\t<img loading=\"lazy\" decoding=\"async\" width=\"300\" height=\"50\" src=\"https:\/\/niehoff-elektrotechnik.de\/wp-content\/uploads\/2024\/01\/striebel_john_logo-300x50.png\" class=\"attachment-medium size-medium wp-image-2115\" alt=\"\" srcset=\"https:\/\/niehoff-elektrotechnik.de\/wp-content\/uploads\/2024\/01\/striebel_john_logo-300x50.png 300w, https:\/\/niehoff-elektrotechnik.de\/wp-content\/uploads\/2024\/01\/striebel_john_logo-18x3.png 18w, https:\/\/niehoff-elektrotechnik.de\/wp-content\/uploads\/2024\/01\/striebel_john_logo.png 551w\" sizes=\"(max-width: 300px) 100vw, 300px\" \/>\t\t\t\t\t\t\t\t<\/a>\n\t\t\t\t\t\t\t\t\t\t\t\t\t\t\t<\/div>\n\t\t\t\t<\/div>\n\t\t\t\t\t<\/div>\n\t\t<\/div>\n\t\t\t\t<div class=\"elementor-column elementor-col-20 elementor-inner-column elementor-element elementor-element-6de0c5a\" data-id=\"6de0c5a\" data-element_type=\"column\" data-e-type=\"column\">\n\t\t\t<div class=\"elementor-widget-wrap elementor-element-populated\">\n\t\t\t\t\t\t<div class=\"elementor-element elementor-element-fe2aac7 elementor-widget elementor-widget-image\" data-id=\"fe2aac7\" data-element_type=\"widget\" data-e-type=\"widget\" data-widget_type=\"image.default\">\n\t\t\t\t<div class=\"elementor-widget-container\">\n\t\t\t\t\t\t\t\t\t\t\t\t\t\t\t\t<a href=\"https:\/\/www.notifier.de\/cookies\/\">\n\t\t\t\t\t\t\t<img loading=\"lazy\" decoding=\"async\" width=\"300\" height=\"83\" src=\"https:\/\/niehoff-elektrotechnik.de\/wp-content\/uploads\/2024\/03\/NOTIFIER-by-Honeywell-300x83.jpg\" class=\"attachment-medium size-medium wp-image-2320\" alt=\"\" srcset=\"https:\/\/niehoff-elektrotechnik.de\/wp-content\/uploads\/2024\/03\/NOTIFIER-by-Honeywell-300x83.jpg 300w, https:\/\/niehoff-elektrotechnik.de\/wp-content\/uploads\/2024\/03\/NOTIFIER-by-Honeywell-1024x283.jpg 1024w, https:\/\/niehoff-elektrotechnik.de\/wp-content\/uploads\/2024\/03\/NOTIFIER-by-Honeywell-768x212.jpg 768w, https:\/\/niehoff-elektrotechnik.de\/wp-content\/uploads\/2024\/03\/NOTIFIER-by-Honeywell-18x5.jpg 18w, https:\/\/niehoff-elektrotechnik.de\/wp-content\/uploads\/2024\/03\/NOTIFIER-by-Honeywell.jpg 1366w\" sizes=\"(max-width: 300px) 100vw, 300px\" \/>\t\t\t\t\t\t\t\t<\/a>\n\t\t\t\t\t\t\t\t\t\t\t\t\t\t\t<\/div>\n\t\t\t\t<\/div>\n\t\t\t\t\t<\/div>\n\t\t<\/div>\n\t\t\t\t<div class=\"elementor-column elementor-col-20 elementor-inner-column elementor-element elementor-element-7e6044e\" data-id=\"7e6044e\" data-element_type=\"column\" data-e-type=\"column\">\n\t\t\t<div class=\"elementor-widget-wrap elementor-element-populated\">\n\t\t\t\t\t\t<div class=\"elementor-element elementor-element-e01a5dc elementor-widget elementor-widget-image\" data-id=\"e01a5dc\" data-element_type=\"widget\" data-e-type=\"widget\" data-widget_type=\"image.default\">\n\t\t\t\t<div class=\"elementor-widget-container\">\n\t\t\t\t\t\t\t\t\t\t\t\t\t\t\t\t<a href=\"https:\/\/hager.com\/de\">\n\t\t\t\t\t\t\t<img loading=\"lazy\" decoding=\"async\" width=\"87\" height=\"100\" src=\"https:\/\/niehoff-elektrotechnik.de\/wp-content\/uploads\/2024\/03\/BBerker-Logo_rgbSCAL.jpg\" class=\"attachment-medium size-medium wp-image-2328\" alt=\"\" srcset=\"https:\/\/niehoff-elektrotechnik.de\/wp-content\/uploads\/2024\/03\/BBerker-Logo_rgbSCAL.jpg 87w, https:\/\/niehoff-elektrotechnik.de\/wp-content\/uploads\/2024\/03\/BBerker-Logo_rgbSCAL-10x12.jpg 10w\" sizes=\"(max-width: 87px) 100vw, 87px\" \/>\t\t\t\t\t\t\t\t<\/a>\n\t\t\t\t\t\t\t\t\t\t\t\t\t\t\t<\/div>\n\t\t\t\t<\/div>\n\t\t\t\t\t<\/div>\n\t\t<\/div>\n\t\t\t\t\t<\/div>\n\t\t<\/section>\n\t\t\t\t<section class=\"elementor-section elementor-inner-section elementor-element elementor-element-8b3b443 elementor-section-boxed elementor-section-height-default elementor-section-height-default\" data-id=\"8b3b443\" data-element_type=\"section\" data-e-type=\"section\">\n\t\t\t\t\t\t<div class=\"elementor-container elementor-column-gap-default\">\n\t\t\t\t\t<div class=\"elementor-column elementor-col-20 elementor-inner-column elementor-element elementor-element-2a0fb2e\" data-id=\"2a0fb2e\" data-element_type=\"column\" data-e-type=\"column\">\n\t\t\t<div class=\"elementor-widget-wrap elementor-element-populated\">\n\t\t\t\t\t\t<div class=\"elementor-element elementor-element-f1e39e2 elementor-widget elementor-widget-image\" data-id=\"f1e39e2\" data-element_type=\"widget\" data-e-type=\"widget\" data-widget_type=\"image.default\">\n\t\t\t\t<div class=\"elementor-widget-container\">\n\t\t\t\t\t\t\t\t\t\t\t\t\t\t\t\t<a href=\"https:\/\/www.phoenixcontact.com\/de-de\/\">\n\t\t\t\t\t\t\t<img loading=\"lazy\" decoding=\"async\" width=\"300\" height=\"75\" src=\"https:\/\/niehoff-elektrotechnik.de\/wp-content\/uploads\/2024\/03\/Logo_P_Contact_sw-300x75.jpg\" class=\"attachment-medium size-medium wp-image-2329\" alt=\"\" srcset=\"https:\/\/niehoff-elektrotechnik.de\/wp-content\/uploads\/2024\/03\/Logo_P_Contact_sw-300x75.jpg 300w, https:\/\/niehoff-elektrotechnik.de\/wp-content\/uploads\/2024\/03\/Logo_P_Contact_sw-1024x254.jpg 1024w, https:\/\/niehoff-elektrotechnik.de\/wp-content\/uploads\/2024\/03\/Logo_P_Contact_sw-768x191.jpg 768w, https:\/\/niehoff-elektrotechnik.de\/wp-content\/uploads\/2024\/03\/Logo_P_Contact_sw-1536x382.jpg 1536w, https:\/\/niehoff-elektrotechnik.de\/wp-content\/uploads\/2024\/03\/Logo_P_Contact_sw-2048x509.jpg 2048w, https:\/\/niehoff-elektrotechnik.de\/wp-content\/uploads\/2024\/03\/Logo_P_Contact_sw-18x4.jpg 18w\" sizes=\"(max-width: 300px) 100vw, 300px\" \/>\t\t\t\t\t\t\t\t<\/a>\n\t\t\t\t\t\t\t\t\t\t\t\t\t\t\t<\/div>\n\t\t\t\t<\/div>\n\t\t\t\t\t<\/div>\n\t\t<\/div>\n\t\t\t\t<div class=\"elementor-column elementor-col-20 elementor-inner-column elementor-element elementor-element-59d28d3\" data-id=\"59d28d3\" data-element_type=\"column\" data-e-type=\"column\">\n\t\t\t<div class=\"elementor-widget-wrap elementor-element-populated\">\n\t\t\t\t\t\t<div class=\"elementor-element elementor-element-ae6d971 elementor-widget elementor-widget-image\" data-id=\"ae6d971\" data-element_type=\"widget\" data-e-type=\"widget\" data-widget_type=\"image.default\">\n\t\t\t\t<div class=\"elementor-widget-container\">\n\t\t\t\t\t\t\t\t\t\t\t\t\t\t\t\t<a href=\"https:\/\/www.hekatron-brandschutz.de\/\">\n\t\t\t\t\t\t\t<img loading=\"lazy\" decoding=\"async\" width=\"300\" height=\"116\" src=\"https:\/\/niehoff-elektrotechnik.de\/wp-content\/uploads\/2024\/03\/Logo-Hekatron-Brandschutz-RGB-300x116.jpg\" class=\"attachment-medium size-medium wp-image-2331\" alt=\"\" srcset=\"https:\/\/niehoff-elektrotechnik.de\/wp-content\/uploads\/2024\/03\/Logo-Hekatron-Brandschutz-RGB-300x116.jpg 300w, https:\/\/niehoff-elektrotechnik.de\/wp-content\/uploads\/2024\/03\/Logo-Hekatron-Brandschutz-RGB-1024x397.jpg 1024w, https:\/\/niehoff-elektrotechnik.de\/wp-content\/uploads\/2024\/03\/Logo-Hekatron-Brandschutz-RGB-768x298.jpg 768w, https:\/\/niehoff-elektrotechnik.de\/wp-content\/uploads\/2024\/03\/Logo-Hekatron-Brandschutz-RGB-1536x596.jpg 1536w, https:\/\/niehoff-elektrotechnik.de\/wp-content\/uploads\/2024\/03\/Logo-Hekatron-Brandschutz-RGB-2048x795.jpg 2048w, https:\/\/niehoff-elektrotechnik.de\/wp-content\/uploads\/2024\/03\/Logo-Hekatron-Brandschutz-RGB-18x7.jpg 18w\" sizes=\"(max-width: 300px) 100vw, 300px\" \/>\t\t\t\t\t\t\t\t<\/a>\n\t\t\t\t\t\t\t\t\t\t\t\t\t\t\t<\/div>\n\t\t\t\t<\/div>\n\t\t\t\t\t<\/div>\n\t\t<\/div>\n\t\t\t\t<div class=\"elementor-column elementor-col-20 elementor-inner-column elementor-element elementor-element-f9ba198\" data-id=\"f9ba198\" data-element_type=\"column\" data-e-type=\"column\">\n\t\t\t<div class=\"elementor-widget-wrap\">\n\t\t\t\t\t\t\t<\/div>\n\t\t<\/div>\n\t\t\t\t<div class=\"elementor-column elementor-col-20 elementor-inner-column elementor-element elementor-element-a09ace6\" data-id=\"a09ace6\" data-element_type=\"column\" data-e-type=\"column\">\n\t\t\t<div class=\"elementor-widget-wrap\">\n\t\t\t\t\t\t\t<\/div>\n\t\t<\/div>\n\t\t\t\t<div class=\"elementor-column elementor-col-20 elementor-inner-column elementor-element elementor-element-c5881f2\" data-id=\"c5881f2\" data-element_type=\"column\" data-e-type=\"column\">\n\t\t\t<div class=\"elementor-widget-wrap\">\n\t\t\t\t\t\t\t<\/div>\n\t\t<\/div>\n\t\t\t\t\t<\/div>\n\t\t<\/section>\n\t\t\t\t\t<\/div>\n\t\t<\/div>\n\t\t\t\t\t<\/div>\n\t\t<\/section>\n\t\t\t\t<section class=\"elementor-section elementor-top-section elementor-element elementor-element-ab3195f elementor-section-content-middle elementor-section-boxed elementor-section-height-default elementor-section-height-default elementor-invisible\" data-id=\"ab3195f\" data-element_type=\"section\" data-e-type=\"section\" data-settings=\"{&quot;background_background&quot;:&quot;classic&quot;,&quot;animation&quot;:&quot;zoomIn&quot;}\">\n\t\t\t\t\t\t<div class=\"elementor-container elementor-column-gap-no\">\n\t\t\t\t\t<div class=\"elementor-column elementor-col-100 elementor-top-column elementor-element elementor-element-35c6344\" data-id=\"35c6344\" data-element_type=\"column\" data-e-type=\"column\">\n\t\t\t<div class=\"elementor-widget-wrap elementor-element-populated\">\n\t\t\t\t\t\t<div class=\"elementor-element elementor-element-d3b94c9 elementor-widget elementor-widget-heading\" data-id=\"d3b94c9\" data-element_type=\"widget\" data-e-type=\"widget\" data-widget_type=\"heading.default\">\n\t\t\t\t<div class=\"elementor-widget-container\">\n\t\t\t\t\t<h1 class=\"elementor-heading-title elementor-size-default\">Become part of the team...<\/h1>\t\t\t\t<\/div>\n\t\t\t\t<\/div>\n\t\t\t\t<div class=\"elementor-element elementor-element-5bd8557 elementor-widget elementor-widget-text-editor\" data-id=\"5bd8557\" data-element_type=\"widget\" data-e-type=\"widget\" data-widget_type=\"text-editor.default\">\n\t\t\t\t<div class=\"elementor-widget-container\">\n\t\t\t\t\t\t\t\t\t<p>We are always on the lookout for competent people to expand our team. If you are interested, simply take a look at our vacancies at.....<\/p>\t\t\t\t\t\t\t\t<\/div>\n\t\t\t\t<\/div>\n\t\t\t\t<div class=\"elementor-element elementor-element-b5179a7 elementor-button-info elementor-align-center elementor-widget elementor-widget-button\" data-id=\"b5179a7\" data-element_type=\"widget\" data-e-type=\"widget\" data-widget_type=\"button.default\">\n\t\t\t\t<div class=\"elementor-widget-container\">\n\t\t\t\t\t\t\t\t\t<div class=\"elementor-button-wrapper\">\n\t\t\t\t\t<a class=\"elementor-button elementor-button-link elementor-size-xl elementor-animation-grow\" href=\"\/en\/Jobs\/\">\n\t\t\t\t\t\t<span class=\"elementor-button-content-wrapper\">\n\t\t\t\t\t\t\t\t\t<span class=\"elementor-button-text\">To the job postings...<\/span>\n\t\t\t\t\t<\/span>\n\t\t\t\t\t<\/a>\n\t\t\t\t<\/div>\n\t\t\t\t\t\t\t\t<\/div>\n\t\t\t\t<\/div>\n\t\t\t\t\t<\/div>\n\t\t<\/div>\n\t\t\t\t\t<\/div>\n\t\t<\/section>\n\t\t\t\t<\/div>","protected":false},"excerpt":{"rendered":"<p>Unternehmen Niehoff Elektrotechnik GmbH Die Niehoff Elektrotechnik GmbH ist ein Vorreiter in der Entwicklung innovativer, technologieorientierter Gesamtl\u00f6sungen und blickt dabei auf eine traditionsreiche Firmengeschichte von \u00fcber 125 Jahren zur\u00fcck. Seit unseren Anf\u00e4ngen war es unser Ziel, ma\u00dfgeschneiderte L\u00f6sungen f\u00fcr individuelle Herausforderungen zu entwickeln und wirtschaftlich umzusetzen. Unsere Mitarbeiter bringen eine einzigartige Fachkompetenz mit, die es [&hellip;]<\/p>\n","protected":false},"author":1,"featured_media":0,"parent":0,"menu_order":0,"comment_status":"closed","ping_status":"closed","template":"","meta":{"site-sidebar-layout":"no-sidebar","site-content-layout":"page-builder","ast-site-content-layout":"default","site-content-style":"default","site-sidebar-style":"default","ast-global-header-display":"","ast-banner-title-visibility":"","ast-main-header-display":"","ast-hfb-above-header-display":"","ast-hfb-below-header-display":"","ast-hfb-mobile-header-display":"","site-post-title":"disabled","ast-breadcrumbs-content":"","ast-featured-img":"disabled","footer-sml-layout":"","theme-transparent-header-meta":"default","adv-header-id-meta":"","stick-header-meta":"","header-above-stick-meta":"","header-main-stick-meta":"","header-below-stick-meta":"","astra-migrate-meta-layouts":"default","ast-page-background-enabled":"default","ast-page-background-meta":{"desktop":{"background-color":"","background-image":"","background-repeat":"repeat","background-position":"center center","background-size":"auto","background-attachment":"scroll","background-type":"","background-media":"","overlay-type":"","overlay-color":"","overlay-opacity":"","overlay-gradient":""},"tablet":{"background-color":"","background-image":"","background-repeat":"repeat","background-position":"center center","background-size":"auto","background-attachment":"scroll","background-type":"","background-media":"","overlay-type":"","overlay-color":"","overlay-opacity":"","overlay-gradient":""},"mobile":{"background-color":"","background-image":"","background-repeat":"repeat","background-position":"center center","background-size":"auto","background-attachment":"scroll","background-type":"","background-media":"","overlay-type":"","overlay-color":"","overlay-opacity":"","overlay-gradient":""}},"ast-content-background-meta":{"desktop":{"background-color":"var(--ast-global-color-5)","background-image":"","background-repeat":"repeat","background-position":"center center","background-size":"auto","background-attachment":"scroll","background-type":"","background-media":"","overlay-type":"","overlay-color":"","overlay-opacity":"","overlay-gradient":""},"tablet":{"background-color":"var(--ast-global-color-5)","background-image":"","background-repeat":"repeat","background-position":"center center","background-size":"auto","background-attachment":"scroll","background-type":"","background-media":"","overlay-type":"","overlay-color":"","overlay-opacity":"","overlay-gradient":""},"mobile":{"background-color":"var(--ast-global-color-5)","background-image":"","background-repeat":"repeat","background-position":"center center","background-size":"auto","background-attachment":"scroll","background-type":"","background-media":"","overlay-type":"","overlay-color":"","overlay-opacity":"","overlay-gradient":""}},"footnotes":""},"class_list":["post-46","page","type-page","status-publish","hentry"],"_links":{"self":[{"href":"https:\/\/niehoff-elektrotechnik.de\/en\/wp-json\/wp\/v2\/pages\/46","targetHints":{"allow":["GET"]}}],"collection":[{"href":"https:\/\/niehoff-elektrotechnik.de\/en\/wp-json\/wp\/v2\/pages"}],"about":[{"href":"https:\/\/niehoff-elektrotechnik.de\/en\/wp-json\/wp\/v2\/types\/page"}],"author":[{"embeddable":true,"href":"https:\/\/niehoff-elektrotechnik.de\/en\/wp-json\/wp\/v2\/users\/1"}],"replies":[{"embeddable":true,"href":"https:\/\/niehoff-elektrotechnik.de\/en\/wp-json\/wp\/v2\/comments?post=46"}],"version-history":[{"count":3,"href":"https:\/\/niehoff-elektrotechnik.de\/en\/wp-json\/wp\/v2\/pages\/46\/revisions"}],"predecessor-version":[{"id":2435,"href":"https:\/\/niehoff-elektrotechnik.de\/en\/wp-json\/wp\/v2\/pages\/46\/revisions\/2435"}],"wp:attachment":[{"href":"https:\/\/niehoff-elektrotechnik.de\/en\/wp-json\/wp\/v2\/media?parent=46"}],"curies":[{"name":"wp","href":"https:\/\/api.w.org\/{rel}","templated":true}]}}